{"id":4264,"date":"2026-01-21T10:27:59","date_gmt":"2026-01-21T09:27:59","guid":{"rendered":"https:\/\/www.naeco.bzh\/?page_id=4264"},"modified":"2026-04-20T11:10:35","modified_gmt":"2026-04-20T09:10:35","slug":"trademark-license","status":"publish","type":"page","link":"https:\/\/www.naeco.bzh\/en\/trademark-license\/","title":{"rendered":"Brand licensing"},"content":{"rendered":"<div data-elementor-type=\"wp-page\" data-elementor-id=\"4264\" class=\"elementor elementor-4264\" data-elementor-post-type=\"page\">\n\t\t\t\t<div class=\"elementor-element elementor-element-ed6b75f offre-special-details e-flex e-con-boxed e-con e-parent\" data-id=\"ed6b75f\" data-element_type=\"container\" data-e-type=\"container\">\n\t\t\t\t\t<div class=\"e-con-inner\">\n\t\t<div class=\"elementor-element elementor-element-2c946e2 e-con-full e-flex e-con e-child\" data-id=\"2c946e2\" data-element_type=\"container\" data-e-type=\"container\">\n\t\t\t\t<div class=\"elementor-element elementor-element-e20b1e7 elementor-widget elementor-widget-heading\" data-id=\"e20b1e7\" data-element_type=\"widget\" data-e-type=\"widget\" data-widget_type=\"heading.default\">\n\t\t\t\t<div class=\"elementor-widget-container\">\n\t\t\t\t\t<h2 class=\"elementor-heading-title elementor-size-default\">Na\u00e9co brand license<\/h2>\t\t\t\t<\/div>\n\t\t\t\t<\/div>\n\t\t\t\t<div class=\"elementor-element elementor-element-de2bf8e elementor-widget elementor-widget-heading\" data-id=\"de2bf8e\" data-element_type=\"widget\" data-e-type=\"widget\" data-widget_type=\"heading.default\">\n\t\t\t\t<div class=\"elementor-widget-container\">\n\t\t\t\t\t<h2 class=\"elementor-heading-title elementor-size-default\">Open your own eco-friendly accommodation<\/h2>\t\t\t\t<\/div>\n\t\t\t\t<\/div>\n\t\t\t\t<\/div>\n\t\t<div class=\"elementor-element elementor-element-a1898d6 e-con-full e-flex e-con e-child\" data-id=\"a1898d6\" data-element_type=\"container\" data-e-type=\"container\">\n\t\t\t\t<div class=\"elementor-element elementor-element-fd28fee elementor-widget elementor-widget-heading\" data-id=\"fd28fee\" data-element_type=\"widget\" data-e-type=\"widget\" data-widget_type=\"heading.default\">\n\t\t\t\t<div class=\"elementor-widget-container\">\n\t\t\t\t\t<h3 class=\"elementor-heading-title elementor-size-default\">Na\u00e9co brand license<\/h3>\t\t\t\t<\/div>\n\t\t\t\t<\/div>\n\t\t\t\t<div class=\"elementor-element elementor-element-0e7f69a elementor-widget elementor-widget-text-editor\" data-id=\"0e7f69a\" data-element_type=\"widget\" data-e-type=\"widget\" data-widget_type=\"text-editor.default\">\n\t\t\t\t<div class=\"elementor-widget-container\">\n\t\t\t\t\t\t\t\t\t<p>As part of the development of our <a href=\"https:\/\/www.naeco.bzh\/en\/discover-our-commitments-and-our-naecoresponsables-charter\/\">eco-responsible accommodation network<\/a>, Na\u00e9co Hostels is pleased to now be able to offer <strong>committed entrepreneurs<\/strong> the <strong>Na\u00e9co brand license<\/strong> !<\/p>\t\t\t\t\t\t\t\t<\/div>\n\t\t\t\t<\/div>\n\t\t\t\t<\/div>\n\t\t<div class=\"elementor-element elementor-element-de23992 e-con-full e-flex e-con e-child\" data-id=\"de23992\" data-element_type=\"container\" data-e-type=\"container\">\n\t\t\t\t<div class=\"elementor-element elementor-element-ee89c72 elementor-widget elementor-widget-heading\" data-id=\"ee89c72\" data-element_type=\"widget\" data-e-type=\"widget\" data-widget_type=\"heading.default\">\n\t\t\t\t<div class=\"elementor-widget-container\">\n\t\t\t\t\t<h3 class=\"elementor-heading-title elementor-size-default\">An innovative lifestyle hotel concept under brand license<\/h3>\t\t\t\t<\/div>\n\t\t\t\t<\/div>\n\t\t\t\t<div class=\"elementor-element elementor-element-c96dfdf elementor-widget elementor-widget-text-editor\" data-id=\"c96dfdf\" data-element_type=\"widget\" data-e-type=\"widget\" data-widget_type=\"text-editor.default\">\n\t\t\t\t<div class=\"elementor-widget-container\">\n\t\t\t\t\t\t\t\t\t<p>On the strength of our <a href=\"https:\/\/www.naeco.bzh\/fr\/blog-naeco\/i\/blog\/naeco-hostels-le-futur-de-l-hotellerie-ecoresponsable-en-bretagne.html\">innovative hybrid hotel concept<\/a>, Our aim is to develop our network of living spaces between greenery and ocean on the French coast. Visit<b> success of our first 3 sites<\/b> located in Brittany's Finist\u00e8re and Morbihan regions, close to some of the world's finest beaches, surfing spots and hiking trails, we're keen to expand our offering even further across the region.<\/p><p>\u00a0<\/p><p>Our destinations :<\/p><ul><li><a href=\"https:\/\/www.naeco.bzh\/en\/audierne\/\">Na\u00e9co Baie d'Audierne<\/a> in Audierne, since 2019<\/li><li><a href=\"https:\/\/www.naeco.bzh\/en\/the-pulse\/\">Na\u00e9co Le Pouldu<\/a> in Clohars-Carno\u00ebt, since 2021<\/li><li><a href=\"https:\/\/www.naeco.bzh\/en\/erdeven\/\">Na\u00e9co Erdeven<\/a>, since 2023<\/li><\/ul><p>\u00a0<\/p><p>Do you like our concept?<\/p><p>You wish to <strong>set up a Na\u00e9co facility<\/strong> or integrate your <strong>independent operation<\/strong> in a dynamic and innovative network, contact us to discuss your requirements!<\/p>\t\t\t\t\t\t\t\t<\/div>\n\t\t\t\t<\/div>\n\t\t\t\t<div class=\"elementor-element elementor-element-754ef1a elementor-align-center elementor-widget elementor-widget-button\" data-id=\"754ef1a\" data-element_type=\"widget\" data-e-type=\"widget\" data-widget_type=\"button.default\">\n\t\t\t\t<div class=\"elementor-widget-container\">\n\t\t\t\t\t\t\t\t\t<div class=\"elementor-button-wrapper\">\n\t\t\t\t\t<a class=\"elementor-button elementor-button-link elementor-size-sm\" href=\"https:\/\/www.naeco.bzh\/wp-content\/uploads\/2026\/03\/Brochure-Licence-de-marque-Naeco-Hostels.pdf\" target=\"_blank\">\n\t\t\t\t\t\t<span class=\"elementor-button-content-wrapper\">\n\t\t\t\t\t\t<span class=\"elementor-button-icon\">\n\t\t\t\t<i aria-hidden=\"true\" class=\"far fa-file\"><\/i>\t\t\t<\/span>\n\t\t\t\t\t\t\t\t\t<span class=\"elementor-button-text\">Read more<\/span>\n\t\t\t\t\t<\/span>\n\t\t\t\t\t<\/a>\n\t\t\t\t<\/div>\n\t\t\t\t\t\t\t\t<\/div>\n\t\t\t\t<\/div>\n\t\t\t\t<\/div>\n\t\t<div class=\"elementor-element elementor-element-f6cb718 e-con-full e-flex e-con e-child\" data-id=\"f6cb718\" data-element_type=\"container\" data-e-type=\"container\">\n\t\t\t\t<div class=\"elementor-element elementor-element-2062311 elementor-widget elementor-widget-heading\" data-id=\"2062311\" data-element_type=\"widget\" data-e-type=\"widget\" data-widget_type=\"heading.default\">\n\t\t\t\t<div class=\"elementor-widget-container\">\n\t\t\t\t\t<h3 class=\"elementor-heading-title elementor-size-default\">Na\u00e9co Hostels brand license<\/h3>\t\t\t\t<\/div>\n\t\t\t\t<\/div>\n\t\t\t\t<div class=\"elementor-element elementor-element-cc597c3 elementor-widget elementor-widget-text-editor\" data-id=\"cc597c3\" data-element_type=\"widget\" data-e-type=\"widget\" data-widget_type=\"text-editor.default\">\n\t\t\t\t<div class=\"elementor-widget-container\">\n\t\t\t\t\t\t\t\t\t<p>Contract the <strong>Na\u00e9co brand license<\/strong>, With a brand license, you get a package that allows you to structure your project and focus on operations and customer satisfaction management. What brand licensing offers you :<\/p><ul><li>a brand<\/li><li>a strong visual identity<\/li><li>differentiating decoration<\/li><li>communication and marketing tools<\/li><li>help with day-to-day hotel management issues<\/li><li>the supply of eco-designed by-products<\/li><li>assistance in creating a business plan<\/li><li>and much more...<\/li><\/ul><p>\u00a0<\/p><p>With the <strong>trademark license<\/strong> With Na\u00e9co, you retain your independence while benefiting from high web visibility and the strength of a network.<\/p><p>You take no risks with a 3-year contract and a very reasonable annual fee.<\/p>\t\t\t\t\t\t\t\t<\/div>\n\t\t\t\t<\/div>\n\t\t\t\t<\/div>\n\t\t<div class=\"elementor-element elementor-element-c375bd0 e-con-full e-flex e-con e-child\" data-id=\"c375bd0\" data-element_type=\"container\" data-e-type=\"container\">\n\t\t\t\t<div class=\"elementor-element elementor-element-3b8cfc6 elementor-widget elementor-widget-heading\" data-id=\"3b8cfc6\" data-element_type=\"widget\" data-e-type=\"widget\" data-widget_type=\"heading.default\">\n\t\t\t\t<div class=\"elementor-widget-container\">\n\t\t\t\t\t<h3 class=\"elementor-heading-title elementor-size-default\">A company on a human scale for a close relationship<\/h3>\t\t\t\t<\/div>\n\t\t\t\t<\/div>\n\t\t\t\t<div class=\"elementor-element elementor-element-921c12d elementor-widget elementor-widget-text-editor\" data-id=\"921c12d\" data-element_type=\"widget\" data-e-type=\"widget\" data-widget_type=\"text-editor.default\">\n\t\t\t\t<div class=\"elementor-widget-container\">\n\t\t\t\t\t\t\t\t\t<p>Charles Le Baud, founder and managing director of <a href=\"https:\/\/www.naeco.bzh\/en\/\">Na\u00e9co company<\/a>, is at your disposal to discuss your <strong>development project<\/strong>.<\/p><p>His commercial training (Master Polytechnic University Hong-Kong and MBA ESSEC Paris) combined with his professional experience in the field have enabled him to acquire solid management skills for companies in the <strong>hospitality sector<\/strong>.<\/p><p>Charles has surrounded himself with a high-performance, multi-disciplinary team to deploy his skills in the service of the establishments he develops himself, with the support of his financial partners.<\/p><p>\u00a0<\/p><p>He would now like to share his skills with <strong>of committed project leaders<\/strong> in the world of <strong>ecology<\/strong> and outdoor sports.<\/p><p>For more information, please send us an e-mail explaining your project, and we'll get back to you as soon as possible.\u00a0<strong><a href=\"https:\/\/www.naeco.bzh\/fr\/contact.html\">Contact us<\/a><\/strong>\u00a0!<\/p>\t\t\t\t\t\t\t\t<\/div>\n\t\t\t\t<\/div>\n\t\t\t\t<\/div>\n\t\t\t\t\t<\/div>\n\t\t\t\t<\/div>\n\t\t\t\t<\/div>","protected":false},"excerpt":{"rendered":"<p>Na\u00e9co brand license Open your own eco-responsible accommodation Na\u00e9co brand license As part of the development of our network of eco-responsible accommodation, Na\u00e9co Hostels is pleased to now offer committed entrepreneurs the Na\u00e9co brand license! A brand license for an innovative, lifestyle-oriented hostel concept Our concept is based on [...].<\/p>","protected":false},"author":13,"featured_media":0,"parent":0,"menu_order":16,"comment_status":"closed","ping_status":"closed","template":"","meta":{"inline_featured_image":false,"footnotes":""},"class_list":["post-4264","page","type-page","status-publish","hentry"],"_links":{"self":[{"href":"https:\/\/www.naeco.bzh\/en\/wp-json\/wp\/v2\/pages\/4264","targetHints":{"allow":["GET"]}}],"collection":[{"href":"https:\/\/www.naeco.bzh\/en\/wp-json\/wp\/v2\/pages"}],"about":[{"href":"https:\/\/www.naeco.bzh\/en\/wp-json\/wp\/v2\/types\/page"}],"author":[{"embeddable":true,"href":"https:\/\/www.naeco.bzh\/en\/wp-json\/wp\/v2\/users\/13"}],"replies":[{"embeddable":true,"href":"https:\/\/www.naeco.bzh\/en\/wp-json\/wp\/v2\/comments?post=4264"}],"version-history":[{"count":25,"href":"https:\/\/www.naeco.bzh\/en\/wp-json\/wp\/v2\/pages\/4264\/revisions"}],"predecessor-version":[{"id":5336,"href":"https:\/\/www.naeco.bzh\/en\/wp-json\/wp\/v2\/pages\/4264\/revisions\/5336"}],"wp:attachment":[{"href":"https:\/\/www.naeco.bzh\/en\/wp-json\/wp\/v2\/media?parent=4264"}],"curies":[{"name":"wp","href":"https:\/\/api.w.org\/{rel}","templated":true}]}}