{"id":224,"date":"2025-09-30T16:34:46","date_gmt":"2025-09-30T14:34:46","guid":{"rendered":"https:\/\/www.naeco.bzh\/?page_id=224"},"modified":"2026-01-21T12:40:11","modified_gmt":"2026-01-21T11:40:11","slug":"cgv","status":"publish","type":"page","link":"https:\/\/www.naeco.bzh\/en\/cgv\/","title":{"rendered":"GTC"},"content":{"rendered":"<div data-elementor-type=\"wp-page\" data-elementor-id=\"224\" class=\"elementor elementor-224\" data-elementor-post-type=\"page\">\n\t\t\t\t<div class=\"elementor-element elementor-element-a39e265 offre-special-details e-flex e-con-boxed e-con e-parent\" data-id=\"a39e265\" data-element_type=\"container\" data-e-type=\"container\">\n\t\t\t\t\t<div class=\"e-con-inner\">\n\t\t\t\t<div class=\"elementor-element elementor-element-2dbc887 elementor-widget elementor-widget-text-editor\" data-id=\"2dbc887\" data-element_type=\"widget\" data-e-type=\"widget\" data-widget_type=\"text-editor.default\">\n\t\t\t\t<div class=\"elementor-widget-container\">\n\t\t\t\t\t\t\t\t\t<h1>Conditions of sale Na\u00e9co Hostels<\/h1><p>The general terms and conditions of sale and the special terms and conditions form an integral part of the sales contract and must be accepted in their entirety before any sale is concluded. Reservation requests imply acceptance of these terms and conditions of sale and full and unreserved acceptance of their provisions.<\/p><h2><strong>1 - TERMS AND CONDITIONS OF SALE (CGV)<\/strong><\/h2><h3>1 - 1 Application<\/h3><p>These terms and conditions of sale apply to sales transactions concluded by Na\u00e9co Hostels.<\/p><h3>1 - 2 Capacity<\/h3><p>All customers of Na\u00e9co Hostels acknowledge that they are legally capable of entering into a contract, i.e. that they have reached the age of majority and are not under guardianship.<\/p><h3>1 - 3 Prices<\/h3><p>Prices are given in Euros. VAT is always included. The prices indicated include only the services strictly mentioned in the reservation. Any additional services provided by the hotelier during the stay and the tourist tax will be added to the price mentioned in the reservation at the time of invoicing. The prices applicable are those in force on the day of booking. The hotelier is free to change prices at any time. Therefore, the price displayed on the Na\u00e9co Hostels website is valid only for orders taken during the period in which it is displayed. Only the price indicated in the booking confirmation is binding.<\/p><h3>1 - 4 Terms of payment<\/h3><p>Payment terms depend on the type of reservation you have made. For RACK reservations (cancellable, modifiable under conditions), payment for all services is made directly to the hotel during your stay. In the case of a NANR reservation (non-cancellable, non-refundable, non-changeable), the hotel will deduct the cost of the room directly at the time of booking. A deposit may be requested at the time of booking.<\/p><h3>1 - 5 Claims<\/h3><p>All complaints must be made to the hotelier within 30 days of the date of booking.<br \/>stay.<\/p><h3>1 - 6 Liability<\/h3><p>The hotel's liability is unlimited in the event of theft of property or objects entrusted solely to its care.<\/p><h3>1 - 7 Information Technology and Civil Liberties<\/h3><p>In application of the French law L.78-17 of January 6, 1978, the customer is informed that personal information communicated to the Na\u00e9co establishment is subject to computer processing, unless the customer expressly objects. This data processing has been declared to the CNIL. Customers have the right to access, rectify or delete their personal data at any time by contacting Na\u00e9co Hostels. The information requested at the time of booking is essential for the proper processing of your request. Only the hotelier concerned by the reservation request will receive this information.<\/p><h3>1 - 8 Applicable law<\/h3><p>Any dispute, claim or litigation relating to the terms and conditions of booking a stay or an<br \/>hotel rooms are governed by French law.<\/p><h2><br \/><strong>2 - SPECIAL CONDITIONS<\/strong><\/h2><p>The following special conditions apply to all bookings made through the Na\u00e9co Hostels website.<\/p><h3>2 - 1 Booking conditions<\/h3><p>To guarantee your reservation, you will be asked to provide your credit card number, which will be transmitted by secure means. In the case of a RACK reservation (Cancellable, modifiable under conditions), full payment for the stay is made directly to the hotelier. In the case of a NANR reservation (Non-cancellable, non-refundable, non-modifiable), the amount of the room is deducted directly at the time of booking by the hotelier. The reservation is firm and definitive only after receipt of the confirmation sent to the customer by the hotel. The balance of the stay must be paid on site to the hotelier. Customers are requested to inform the hotel of any late arrivals.<\/p><h3>2 - 2 Modification of a reservation<\/h3><p>Purpose of data collection by the operating company.<\/p><p>Only RACK reservations (cancellable, conditionally modifiable) can be modified. NANR reservations (Non-cancellable, non-refundable, non-changeable) cannot be modified. All requests to modify a reservation must be made to the hotel concerned, by telephone on 02.98.74.95.06 - Na\u00e9co Audierne, 02.98.39.93.49 - Na\u00e9co Le Pouldu or 02.97.55.66.10 - Na\u00e9co Erdeven, every day of the week during the opening hours of the establishment in question OR by e-mail to audierne@naeco.bzh | lepouldu@naeco.bzh | erdeven@naeco.bzh<\/p><p>Reservation changes are not binding until the hotel has received confirmation. Requests for changes must be made 48 hours before the date of arrival. Requests for changes may be subject to cancellation conditions.<\/p><h3>2 - 3 Cancellation conditions<\/h3><p>NANR (Non-cancellable, non-refundable, non-changeable) reservations cannot be cancelled.<\/p><p>Only RACK reservations can be cancelled under the following conditions: To cancel a reservation, the customer is invited to contact the hotel directly - by telephone on 02.98.74.95.06 - Na\u00e9co Audierne, 02.98.39.93.49 - Na\u00e9co Le Pouldu or 02.97.55.66.10 - Na\u00e9co Erdeven, every day of the week during the opening hours of the establishment in question OR by e-mail at audierne@naeco.bzh | lepouldu@naeco.bzh | erdeven@naeco.bzh<br \/>Reservation cancellations are effective upon receipt of an e-mail from the hotel confirming the cancellation. Cancellation of a reservation will result in the deposit paid at the time of booking being deducted from the hotel's website. No fee will be charged for cancellations or modifications made 48 hours prior to arrival. Cancellations or changes made within 48 hours of arrival will incur a charge of 100 % of the first night's stay. In the event of no-show, the total amount of the reservation will be charged.<\/p><h3>2 - 4 Liability<\/h3><p>The present conditions of sale are subject to French law and to the jurisdiction of the Court of Quimper.<\/p><h3>2 - 5 Withdrawal<\/h3><p>With regard to the provision of accommodation services offered by Na\u00e9co hostels, in application of the provisions of article L.121-21-8 12\u00b0 of the French Consumer Code, no right of withdrawal may be exercised by the customer.<\/p><h2>3 - Rules of procedure<\/h2><p>Management reserves the right to terminate the customer's stay in the event of failure to respect the premises or the peace and quiet of other customers. The total amount of the stay and past and future services may be requested in settlement.<\/p><p>In the event of damage or smoking being found on the premises within 24 hours of a customer's departure, the management may take legal action and demand compensation.<\/p><p>Smoking is forbidden throughout the establishment, and a 200\u20ac penalty may be requested in the event of non-compliance.<br \/><br \/><strong>To ensure a pleasant stay for everyone, RESPECT, GOOD SENSE AND WELFARE are essential at Na\u00e9co. Thank you for your understanding!<\/strong><\/p><p><strong>Any reservation, stay and presence in the establishment implies acceptance of our rules and regulations as well as our general terms and conditions of sale presented above.<br \/>Management reserves the right to apply the appropriate penalties in the event of non-compliance with any of the above articles.<\/strong><\/p><p>\u00a0<\/p>\t\t\t\t\t\t\t\t<\/div>\n\t\t\t\t<\/div>\n\t\t\t\t\t<\/div>\n\t\t\t\t<\/div>\n\t\t\t\t<\/div>","protected":false},"excerpt":{"rendered":"<p>Conditions of sale Na\u00e9co Hostels The general conditions of sale and the special conditions form an integral part of the sales contract and must be accepted in their entirety before any sale is concluded. The reservation request implies adherence to these terms and conditions of sale and full and unreserved acceptance of [...]<\/p>","protected":false},"author":13,"featured_media":0,"parent":0,"menu_order":17,"comment_status":"closed","ping_status":"closed","template":"","meta":{"inline_featured_image":false,"footnotes":""},"class_list":["post-224","page","type-page","status-publish","hentry"],"_links":{"self":[{"href":"https:\/\/www.naeco.bzh\/en\/wp-json\/wp\/v2\/pages\/224","targetHints":{"allow":["GET"]}}],"collection":[{"href":"https:\/\/www.naeco.bzh\/en\/wp-json\/wp\/v2\/pages"}],"about":[{"href":"https:\/\/www.naeco.bzh\/en\/wp-json\/wp\/v2\/types\/page"}],"author":[{"embeddable":true,"href":"https:\/\/www.naeco.bzh\/en\/wp-json\/wp\/v2\/users\/13"}],"replies":[{"embeddable":true,"href":"https:\/\/www.naeco.bzh\/en\/wp-json\/wp\/v2\/comments?post=224"}],"version-history":[{"count":10,"href":"https:\/\/www.naeco.bzh\/en\/wp-json\/wp\/v2\/pages\/224\/revisions"}],"predecessor-version":[{"id":4316,"href":"https:\/\/www.naeco.bzh\/en\/wp-json\/wp\/v2\/pages\/224\/revisions\/4316"}],"wp:attachment":[{"href":"https:\/\/www.naeco.bzh\/en\/wp-json\/wp\/v2\/media?parent=224"}],"curies":[{"name":"wp","href":"https:\/\/api.w.org\/{rel}","templated":true}]}}