{"id":4264,"date":"2026-01-21T10:27:59","date_gmt":"2026-01-21T09:27:59","guid":{"rendered":"https:\/\/www.naeco.bzh\/?page_id=4264"},"modified":"2026-04-20T11:10:35","modified_gmt":"2026-04-20T09:10:35","slug":"markenlizenz","status":"publish","type":"page","link":"https:\/\/www.naeco.bzh\/de\/markenlizenz\/","title":{"rendered":"Markenlizenz"},"content":{"rendered":"<div data-elementor-type=\"wp-page\" data-elementor-id=\"4264\" class=\"elementor elementor-4264\" data-elementor-post-type=\"page\">\n\t\t\t\t<div class=\"elementor-element elementor-element-ed6b75f offre-special-details e-flex e-con-boxed e-con e-parent\" data-id=\"ed6b75f\" data-element_type=\"container\" data-e-type=\"container\">\n\t\t\t\t\t<div class=\"e-con-inner\">\n\t\t<div class=\"elementor-element elementor-element-2c946e2 e-con-full e-flex e-con e-child\" data-id=\"2c946e2\" data-element_type=\"container\" data-e-type=\"container\">\n\t\t\t\t<div class=\"elementor-element elementor-element-e20b1e7 elementor-widget elementor-widget-heading\" data-id=\"e20b1e7\" data-element_type=\"widget\" data-e-type=\"widget\" data-widget_type=\"heading.default\">\n\t\t\t\t<div class=\"elementor-widget-container\">\n\t\t\t\t\t<h2 class=\"elementor-heading-title elementor-size-default\">Na\u00e9co-Markenlizenz<\/h2>\t\t\t\t<\/div>\n\t\t\t\t<\/div>\n\t\t\t\t<div class=\"elementor-element elementor-element-de2bf8e elementor-widget elementor-widget-heading\" data-id=\"de2bf8e\" data-element_type=\"widget\" data-e-type=\"widget\" data-widget_type=\"heading.default\">\n\t\t\t\t<div class=\"elementor-widget-container\">\n\t\t\t\t\t<h2 class=\"elementor-heading-title elementor-size-default\">\u00d6ffnen Sie Ihre \u00f6ko-verantwortliche Unterkunft<\/h2>\t\t\t\t<\/div>\n\t\t\t\t<\/div>\n\t\t\t\t<\/div>\n\t\t<div class=\"elementor-element elementor-element-a1898d6 e-con-full e-flex e-con e-child\" data-id=\"a1898d6\" data-element_type=\"container\" data-e-type=\"container\">\n\t\t\t\t<div class=\"elementor-element elementor-element-fd28fee elementor-widget elementor-widget-heading\" data-id=\"fd28fee\" data-element_type=\"widget\" data-e-type=\"widget\" data-widget_type=\"heading.default\">\n\t\t\t\t<div class=\"elementor-widget-container\">\n\t\t\t\t\t<h3 class=\"elementor-heading-title elementor-size-default\">die Na\u00e9co-Markenlizenz<\/h3>\t\t\t\t<\/div>\n\t\t\t\t<\/div>\n\t\t\t\t<div class=\"elementor-element elementor-element-0e7f69a elementor-widget elementor-widget-text-editor\" data-id=\"0e7f69a\" data-element_type=\"widget\" data-e-type=\"widget\" data-widget_type=\"text-editor.default\">\n\t\t\t\t<div class=\"elementor-widget-container\">\n\t\t\t\t\t\t\t\t\t<p>Im Rahmen der Entwicklung unserer <a href=\"https:\/\/www.naeco.bzh\/de\/entdecken-sie-unsere-verpflichtungen-und-unsere-charta-naecoresponsables\/\">Netzwerk von umweltfreundlichen Unterk\u00fcnften<\/a>, Na\u00e9co Hostels freut sich, seinen G\u00e4sten ab sofort die M\u00f6glichkeit bieten zu k\u00f6nnen, sich in einem anderen Land niederzulassen. <strong>engagierte Unternehmer<\/strong> die <strong>Na\u00e9co-Markenlizenz<\/strong> !<\/p>\t\t\t\t\t\t\t\t<\/div>\n\t\t\t\t<\/div>\n\t\t\t\t<\/div>\n\t\t<div class=\"elementor-element elementor-element-de23992 e-con-full e-flex e-con e-child\" data-id=\"de23992\" data-element_type=\"container\" data-e-type=\"container\">\n\t\t\t\t<div class=\"elementor-element elementor-element-ee89c72 elementor-widget elementor-widget-heading\" data-id=\"ee89c72\" data-element_type=\"widget\" data-e-type=\"widget\" data-widget_type=\"heading.default\">\n\t\t\t\t<div class=\"elementor-widget-container\">\n\t\t\t\t\t<h3 class=\"elementor-heading-title elementor-size-default\">Ein innovatives Lifestyle-Hostelkonzept in Markenlizenz<\/h3>\t\t\t\t<\/div>\n\t\t\t\t<\/div>\n\t\t\t\t<div class=\"elementor-element elementor-element-c96dfdf elementor-widget elementor-widget-text-editor\" data-id=\"c96dfdf\" data-element_type=\"widget\" data-e-type=\"widget\" data-widget_type=\"text-editor.default\">\n\t\t\t\t<div class=\"elementor-widget-container\">\n\t\t\t\t\t\t\t\t\t<p>Stark durch unsere <a href=\"https:\/\/www.naeco.bzh\/fr\/blog-naeco\/i\/blog\/naeco-hostels-le-futur-de-l-hotellerie-ecoresponsable-en-bretagne.html\">innovatives Konzept einer Hybrid-Hostellerie<\/a>, Wir wollen unser Netzwerk von Lebensr\u00e4umen zwischen Gr\u00fcn und Ozean an der franz\u00f6sischen K\u00fcste ausbauen. Die<b> Erfolg unserer ersten drei Einrichtungen<\/b> Die Lage in der Bretagne in den Departements Finist\u00e8re und Morbihan, in unmittelbarer N\u00e4he der sch\u00f6nsten Str\u00e4nde, Surfspots und Wanderwege, veranlasst uns dazu, unser Angebot weiter in der Region auszubauen.<\/p><p>\u00a0<\/p><p>Unsere Reiseziele :<\/p><ul><li><a href=\"https:\/\/www.naeco.bzh\/de\/audierne\/\">Na\u00e9co Baie d'Audierne<\/a> in Audierne, seit 2019<\/li><li><a href=\"https:\/\/www.naeco.bzh\/de\/die-krake\/\">Na\u00e9co Le Pouldu<\/a> in Clohars-Carno\u00ebt, seit 2021<\/li><li><a href=\"https:\/\/www.naeco.bzh\/de\/erdeven\/\">Na\u00e9co Erdeven<\/a>, seit 2023<\/li><\/ul><p>\u00a0<\/p><p>Gef\u00e4llt Ihnen unser Konzept?<\/p><p>Sie w\u00fcnschen <strong>eine Naeco-Einrichtung gr\u00fcnden<\/strong> oder integrieren Sie Ihren <strong>unabh\u00e4ngige Einrichtung<\/strong> in einem dynamischen und innovativen Netzwerk, kontaktieren Sie uns, um dar\u00fcber zu diskutieren!<\/p>\t\t\t\t\t\t\t\t<\/div>\n\t\t\t\t<\/div>\n\t\t\t\t<div class=\"elementor-element elementor-element-754ef1a elementor-align-center elementor-widget elementor-widget-button\" data-id=\"754ef1a\" data-element_type=\"widget\" data-e-type=\"widget\" data-widget_type=\"button.default\">\n\t\t\t\t<div class=\"elementor-widget-container\">\n\t\t\t\t\t\t\t\t\t<div class=\"elementor-button-wrapper\">\n\t\t\t\t\t<a class=\"elementor-button elementor-button-link elementor-size-sm\" href=\"https:\/\/www.naeco.bzh\/wp-content\/uploads\/2026\/03\/Brochure-Licence-de-marque-Naeco-Hostels.pdf\" target=\"_blank\">\n\t\t\t\t\t\t<span class=\"elementor-button-content-wrapper\">\n\t\t\t\t\t\t<span class=\"elementor-button-icon\">\n\t\t\t\t<i aria-hidden=\"true\" class=\"far fa-file\"><\/i>\t\t\t<\/span>\n\t\t\t\t\t\t\t\t\t<span class=\"elementor-button-text\">Mehr erfahren<\/span>\n\t\t\t\t\t<\/span>\n\t\t\t\t\t<\/a>\n\t\t\t\t<\/div>\n\t\t\t\t\t\t\t\t<\/div>\n\t\t\t\t<\/div>\n\t\t\t\t<\/div>\n\t\t<div class=\"elementor-element elementor-element-f6cb718 e-con-full e-flex e-con e-child\" data-id=\"f6cb718\" data-element_type=\"container\" data-e-type=\"container\">\n\t\t\t\t<div class=\"elementor-element elementor-element-2062311 elementor-widget elementor-widget-heading\" data-id=\"2062311\" data-element_type=\"widget\" data-e-type=\"widget\" data-widget_type=\"heading.default\">\n\t\t\t\t<div class=\"elementor-widget-container\">\n\t\t\t\t\t<h3 class=\"elementor-heading-title elementor-size-default\">Die Markenlizenz von Na\u00e9co Hostels<\/h3>\t\t\t\t<\/div>\n\t\t\t\t<\/div>\n\t\t\t\t<div class=\"elementor-element elementor-element-cc597c3 elementor-widget elementor-widget-text-editor\" data-id=\"cc597c3\" data-element_type=\"widget\" data-e-type=\"widget\" data-widget_type=\"text-editor.default\">\n\t\t\t\t<div class=\"elementor-widget-container\">\n\t\t\t\t\t\t\t\t\t<p>Kontrahieren Sie die <strong>Markenlizenz Na\u00e9co<\/strong>, Wenn Sie sich f\u00fcr eine Markenlizenz entscheiden, erhalten Sie ein Paket, das es Ihnen erm\u00f6glicht, Ihr Projekt zu strukturieren und sich auf das operative Gesch\u00e4ft und das Management der Kundenzufriedenheit zu konzentrieren. Was die Markenlizenz Ihnen bietet :<\/p><ul><li>eine Marke<\/li><li>eine starke visuelle Identit\u00e4t<\/li><li>eine differenzierende Dekoration<\/li><li>Kommunikations- und Marketinginstrumente<\/li><li>Hilfe bei den Problemen, die der Alltag eines Hoteliers mit sich bringt<\/li><li>der Bereitstellung von \u00f6kologisch gestalteten Nebenprodukten<\/li><li>die Unterst\u00fctzung bei der Erstellung eines Gesch\u00e4ftsplans<\/li><li>und vieles mehr...<\/li><\/ul><p>\u00a0<\/p><p>Mit der <strong>Markenlizenz<\/strong> Na\u00e9co behalten Sie Ihre Unabh\u00e4ngigkeit und profitieren gleichzeitig von einer hohen Sichtbarkeit im Internet und der St\u00e4rke eines Netzwerks.<\/p><p>Mit einem Dreijahresvertrag und einer sehr g\u00fcnstigen Jahresgeb\u00fchr gehen Sie kein Risiko ein.<\/p>\t\t\t\t\t\t\t\t<\/div>\n\t\t\t\t<\/div>\n\t\t\t\t<\/div>\n\t\t<div class=\"elementor-element elementor-element-c375bd0 e-con-full e-flex e-con e-child\" data-id=\"c375bd0\" data-element_type=\"container\" data-e-type=\"container\">\n\t\t\t\t<div class=\"elementor-element elementor-element-3b8cfc6 elementor-widget elementor-widget-heading\" data-id=\"3b8cfc6\" data-element_type=\"widget\" data-e-type=\"widget\" data-widget_type=\"heading.default\">\n\t\t\t\t<div class=\"elementor-widget-container\">\n\t\t\t\t\t<h3 class=\"elementor-heading-title elementor-size-default\">Ein Unternehmen mit menschlicher Gr\u00f6\u00dfe f\u00fcr eine enge Beziehung<\/h3>\t\t\t\t<\/div>\n\t\t\t\t<\/div>\n\t\t\t\t<div class=\"elementor-element elementor-element-921c12d elementor-widget elementor-widget-text-editor\" data-id=\"921c12d\" data-element_type=\"widget\" data-e-type=\"widget\" data-widget_type=\"text-editor.default\">\n\t\t\t\t<div class=\"elementor-widget-container\">\n\t\t\t\t\t\t\t\t\t<p>Charles Le Baud, Gr\u00fcnder und Gesch\u00e4ftsf\u00fchrer der <a href=\"https:\/\/www.naeco.bzh\/de\/\">Naeco-Unternehmen<\/a>, steht Ihnen zur Verf\u00fcgung, um Ihr Anliegen zu besprechen. <strong>Entwicklungsprojekt<\/strong>.<\/p><p>Dank seiner kaufm\u00e4nnischen Ausbildung (Master Polytechnic University Hongkong und MBA ESSEC Paris) und seiner beruflichen Laufbahn konnte er sich solide Kompetenzen in der Unternehmensf\u00fchrung aneignen. <strong>Hospitality-Sektor<\/strong>.<\/p><p>Charles hat sich mit einem leistungsf\u00e4higen multidisziplin\u00e4ren Team umgeben, um seine Kompetenzen im Dienste der Einrichtungen einzusetzen, die er mit der Unterst\u00fctzung seiner Finanzpartner selbst entwickelt.<\/p><p>\u00a0<\/p><p>Heute m\u00f6chte er seine F\u00e4higkeiten zur Verf\u00fcgung stellen bei <strong>von engagierten Projekttr\u00e4gern<\/strong> in der Welt von <strong>\u00d6kologie<\/strong> und Outdoor-Sportarten.<\/p><p>F\u00fcr weitere Informationen senden Sie uns bitte eine E-Mail, in der Sie Ihr Projekt erl\u00e4utern, und wir werden uns so schnell wie m\u00f6glich bei Ihnen melden.\u00a0<strong><a href=\"https:\/\/www.naeco.bzh\/fr\/contact.html\">Kontaktieren Sie uns<\/a><\/strong>\u00a0!<\/p>\t\t\t\t\t\t\t\t<\/div>\n\t\t\t\t<\/div>\n\t\t\t\t<\/div>\n\t\t\t\t\t<\/div>\n\t\t\t\t<\/div>\n\t\t\t\t<\/div>","protected":false},"excerpt":{"rendered":"<p>Na\u00e9co-Markenlizenz Er\u00f6ffnen Sie Ihre umweltfreundliche Unterkunft Na\u00e9co-Markenlizenz Im Rahmen der Entwicklung unseres Netzwerks umweltfreundlicher Unterk\u00fcnfte freut sich Na\u00e9co Hostels, engagierten Unternehmern die Na\u00e9co-Markenlizenz anbieten zu k\u00f6nnen! Ein innovatives Lifestyle-Hostelkonzept in Markenlizenz Auf der Grundlage unseres Konzepts [...].<\/p>","protected":false},"author":13,"featured_media":0,"parent":0,"menu_order":16,"comment_status":"closed","ping_status":"closed","template":"","meta":{"inline_featured_image":false,"footnotes":""},"class_list":["post-4264","page","type-page","status-publish","hentry"],"_links":{"self":[{"href":"https:\/\/www.naeco.bzh\/de\/wp-json\/wp\/v2\/pages\/4264","targetHints":{"allow":["GET"]}}],"collection":[{"href":"https:\/\/www.naeco.bzh\/de\/wp-json\/wp\/v2\/pages"}],"about":[{"href":"https:\/\/www.naeco.bzh\/de\/wp-json\/wp\/v2\/types\/page"}],"author":[{"embeddable":true,"href":"https:\/\/www.naeco.bzh\/de\/wp-json\/wp\/v2\/users\/13"}],"replies":[{"embeddable":true,"href":"https:\/\/www.naeco.bzh\/de\/wp-json\/wp\/v2\/comments?post=4264"}],"version-history":[{"count":25,"href":"https:\/\/www.naeco.bzh\/de\/wp-json\/wp\/v2\/pages\/4264\/revisions"}],"predecessor-version":[{"id":5336,"href":"https:\/\/www.naeco.bzh\/de\/wp-json\/wp\/v2\/pages\/4264\/revisions\/5336"}],"wp:attachment":[{"href":"https:\/\/www.naeco.bzh\/de\/wp-json\/wp\/v2\/media?parent=4264"}],"curies":[{"name":"wp","href":"https:\/\/api.w.org\/{rel}","templated":true}]}}