{"id":224,"date":"2025-09-30T16:34:46","date_gmt":"2025-09-30T14:34:46","guid":{"rendered":"https:\/\/www.naeco.bzh\/?page_id=224"},"modified":"2026-01-21T12:40:11","modified_gmt":"2026-01-21T11:40:11","slug":"cgv","status":"publish","type":"page","link":"https:\/\/www.naeco.bzh\/de\/cgv\/","title":{"rendered":"AGB"},"content":{"rendered":"<div data-elementor-type=\"wp-page\" data-elementor-id=\"224\" class=\"elementor elementor-224\" data-elementor-post-type=\"page\">\n\t\t\t\t<div class=\"elementor-element elementor-element-a39e265 offre-special-details e-flex e-con-boxed e-con e-parent\" data-id=\"a39e265\" data-element_type=\"container\" data-e-type=\"container\">\n\t\t\t\t\t<div class=\"e-con-inner\">\n\t\t\t\t<div class=\"elementor-element elementor-element-2dbc887 elementor-widget elementor-widget-text-editor\" data-id=\"2dbc887\" data-element_type=\"widget\" data-e-type=\"widget\" data-widget_type=\"text-editor.default\">\n\t\t\t\t<div class=\"elementor-widget-container\">\n\t\t\t\t\t\t\t\t\t<h1>Verkaufsbedingungen Na\u00e9co Hostels<\/h1><p>Die Allgemeinen Gesch\u00e4ftsbedingungen und die Besonderen Gesch\u00e4ftsbedingungen bilden eine Einheit, die einen integralen Bestandteil des Kaufvertrags darstellt und deren globale Annahme vor Abschluss jedes Verkaufs zwingend erforderlich ist. Die Buchungsanfrage f\u00fchrt zur Zustimmung zu den vorliegenden Verkaufsbedingungen und zur vollst\u00e4ndigen und vorbehaltlosen Annahme ihrer Bestimmungen.<\/p><h2><strong>1 - ALLGEMEINE GESCH\u00c4FTSBEDINGUNGEN (AGB)<\/strong><\/h2><h3>1 - 1 Anwendung<\/h3><p>Die vorliegenden AGB gelten f\u00fcr die von den Na\u00e9co Hostels abgeschlossenen Verkaufsgesch\u00e4fte.<\/p><h3>1 - 2 Kapazit\u00e4t<\/h3><p>Alle Kunden der Na\u00e9co Hostels best\u00e4tigen, dass sie gesch\u00e4ftsf\u00e4hig sind, d. h. vollj\u00e4hrig und nicht unter Beistandschaft oder Vormundschaft stehen.<\/p><h3>1 - 3 Preis<\/h3><p>Die Preise sind in Euro angegeben. Die Mehrwertsteuer ist immer inbegriffen. Die angegebenen Preise beinhalten nur die in der Buchung strikt erw\u00e4hnten Leistungen. Zu dem in der Buchung genannten Preis werden bei der Rechnungsstellung die vom Hotelier w\u00e4hrend des Aufenthalts erbrachten Zusatzleistungen und die Kurtaxe hinzugerechnet. Es gelten die Preise, die am Tag der Buchung g\u00fcltig sind. Der Hotelier kann seine Preise jederzeit \u00e4ndern. Daher gilt der bei einem Besuch auf der Website des Hotels Na\u00e9co Hostels angezeigte Preis nur f\u00fcr Bestellungen, die w\u00e4hrend der Dauer seiner Anzeige get\u00e4tigt werden. Nur der in der Buchungsbest\u00e4tigung angegebene Preis ist verbindlich.<\/p><h3>1 - 4 Zahlungsmodalit\u00e4ten<\/h3><p>Die Zahlungsmodalit\u00e4ten h\u00e4ngen von der Art der Buchung ab. Wenn es sich um eine RACK-Buchung handelt (Stornierbar, bedingt \u00e4nderbar), werden alle Leistungen w\u00e4hrend des Aufenthalts direkt im Hotel bezahlt. Wenn es sich um eine NANR-Reservierung handelt (nicht stornierbar, nicht erstattungsf\u00e4hig, nicht ver\u00e4nderbar), wird der Zimmerpreis direkt bei der Buchung vom Hotelier erhoben. Bei der Buchung kann eine Anzahlung oder ein Vorschuss verlangt werden.<\/p><h3>1 - 5 Reklamationen<\/h3><p>Jede Beschwerde muss beim Hotelier eingereicht werden und zwar innerhalb von 30 Tagen ab dem Datum<br \/>des Aufenthalts.<\/p><h3>1 - 6 Verantwortlichkeit<\/h3><p>Das Hotel haftet unbegrenzt f\u00fcr den Diebstahl von G\u00fctern oder Gegenst\u00e4nden, wenn diese ausschlie\u00dflich seiner Obhut anvertraut wurden.<\/p><h3>1 - 7 Informatik und Freiheiten<\/h3><p>In Anwendung des Gesetzes L.78-17 vom 6. Januar 1978 wird der Kunde dar\u00fcber informiert, dass die der Einrichtung Na\u00e9co mitgeteilten namentlichen Informationen Gegenstand einer computergest\u00fctzten Verarbeitung sind, sofern er nicht ausdr\u00fccklich widersprochen hat. Diese computergest\u00fctzte Verarbeitung wurde bei der CNIL angemeldet. Der Kunde hat jederzeit ein Recht auf Zugang, Berichtigung oder L\u00f6schung gegen\u00fcber Na\u00e9co Hostels. Die Informationen, um die Sie bei der Buchung gebeten werden, sind f\u00fcr die ordnungsgem\u00e4\u00dfe Bearbeitung Ihrer Anfrage unerl\u00e4sslich. Die Empf\u00e4nger dieser Informationen sind ausschlie\u00dflich der von der Buchungsanfrage betroffene Hotelier.<\/p><h3>1 - 8 Anwendbares Recht<\/h3><p>Jede Meinungsverschiedenheit, Beschwerde oder Streitigkeit in Bezug auf die Buchungsmodalit\u00e4ten f\u00fcr einen Aufenthalt oder eine<br \/>Hotelzimmer unterliegen dem franz\u00f6sischen Recht.<\/p><h2><br \/><strong>2 - BESONDERE BEDINGUNGEN<\/strong><\/h2><p>Die folgenden besonderen Bedingungen gelten f\u00fcr alle Buchungen \u00fcber die Website von Na\u00e9co Hostels.<\/p><h3>2 - 1 Buchungsbedingungen<\/h3><p>Um die Reservierung zu garantieren, wird der Kunde aufgefordert, seine Kreditkartennummer anzugeben, wobei die \u00dcbertragung \u00fcber einen sicheren Modus erfolgt. Wenn es sich um eine RACK-Reservierung (Annullierbar, bedingt \u00e4nderbar) handelt, wird die gesamte Zahlung f\u00fcr den Aufenthalt direkt an den Hotelier geleistet. Wenn es sich um eine NANR-Reservierung (Nicht stornierbar, nicht erstattungsf\u00e4hig, nicht ver\u00e4nderbar) handelt, wird der Zimmerpreis direkt bei der Buchung vom Hotelier erhoben. Die Buchung ist erst nach Erhalt der an den Kunden gerichteten Best\u00e4tigung des Hotels fest und endg\u00fcltig. Die Zahlung des Restbetrags f\u00fcr den Aufenthalt erfolgt vor Ort beim Hotelier. Der Kunde wird gebeten, den Hotelier im Falle einer versp\u00e4teten Ankunft zu benachrichtigen.<\/p><h3>2 - 2 \u00c4nderung einer Buchung<\/h3><p>Zweck der Datenerhebung durch die Betreibergesellschaft.<\/p><p>Nur RACK-Reservierungen (Stornierbar, bedingt \u00e4nderbar) k\u00f6nnen von \u00c4nderungen profitieren. NANR-Reservierungen (Nicht stornierbar, nicht erstattungsf\u00e4hig, nicht \u00e4nderbar) k\u00f6nnen nicht ge\u00e4ndert werden. Alle Antr\u00e4ge auf \u00c4nderung einer Reservierung m\u00fcssen beim betreffenden Hotel telefonisch unter 02.98.74.95.06 - Na\u00e9co Audierne, 02.98.39.93.49 - Na\u00e9co Le Pouldu oder 02.97.55.66.10 - Na\u00e9co Erdeven an allen Tagen der Woche w\u00e4hrend der \u00d6ffnungszeiten der betreffenden Einrichtung ODER per E-Mail an audierne@naeco.bzh | lepouldu@naeco.bzh | erdeven@naeco.bzh gestellt werden.<\/p><p>Die Buchungs\u00e4nderung ist erst nach Erhalt der Best\u00e4tigung durch den Hotelier fest und endg\u00fcltig. \u00c4nderungsantr\u00e4ge m\u00fcssen 48 Stunden vor dem Ankunftsdatum gestellt werden. \u00c4nderungsw\u00fcnsche k\u00f6nnen ggf. zur Anwendung der Stornierungsbedingungen f\u00fchren.<\/p><h3>2 - 3 Stornierungsbedingungen<\/h3><p>NANR-Buchungen (Nicht stornierbar, nicht erstattbar, nicht ver\u00e4nderbar) k\u00f6nnen nicht storniert werden.<\/p><p>Nur RACK-Reservierungen (Annullierbar, ver\u00e4nderbar unter Bedingungen) k\u00f6nnen unter den folgenden Bedingungen storniert werden: Um eine Buchung zu stornieren, wird der Kunde gebeten, sich direkt mit dem Hotel in Verbindung zu setzen - telefonisch unter 02.98.74.95.06 - Na\u00e9co Audierne, 02.98.39.93.49 - Na\u00e9co Le Pouldu oder 02.97.55.66.10 - Na\u00e9co Erdeven, jeden Tag der Woche zu den \u00d6ffnungszeiten der jeweiligen Einrichtung ODER per E-Mail an audierne@naeco.bzh | lepouldu@naeco.bzh | erdeven@naeco.bzh<br \/>Die Stornierung einer Buchung wird wirksam, sobald Sie eine E-Mail vom Hotel erhalten, in der die Stornierung best\u00e4tigt wird. Bei einer Stornierung der Buchung wird die Anzahlung, die bei der Buchung auf der Website der Einrichtung geleistet wurde, abgebucht. Bei einer Stornierung oder \u00c4nderung 48 Stunden vor dem Ankunftsdatum werden keine Geb\u00fchren erhoben. Bei Stornierungen oder \u00c4nderungen innerhalb von 48 Stunden vor dem Anreisetag verlangt die Unterkunft 100 % des Betrags f\u00fcr die erste Nacht. Bei Nichtanreise wird der volle Betrag der Buchung berechnet.<\/p><h3>2 - 4 Verantwortlichkeit<\/h3><p>Die vorliegenden Verkaufsbedingungen unterliegen dem franz\u00f6sischen Recht und der Zust\u00e4ndigkeit des Gerichts von Quimper.<\/p><h3>2 - 5 Widerruf<\/h3><p>Da es sich um Unterkunftsdienstleistungen handelt, die von den Na\u00e9co-Hostels angeboten werden, kann der Kunde gem\u00e4\u00df den Bestimmungen des Artikels L.121-21-8 12\u00b0 des Verbraucherschutzgesetzes kein Widerrufsrecht aus\u00fcben.<\/p><h2>3 - Gesch\u00e4ftsordnung<\/h2><p>Im Falle einer Nichtbeachtung des Ortes oder der Ruhe anderer G\u00e4ste nach dem Ermessen der Direktion beh\u00e4lt sich diese das Recht vor, den Aufenthalt des Gastes zu beenden. Der Gesamtbetrag des Aufenthalts und der vergangenen und zuk\u00fcnftigen Leistungen kann als Zahlung verlangt werden.<\/p><p>Wenn innerhalb von 24 Stunden nach der Abreise eines Gastes Besch\u00e4digungen oder Tabakkonsum in der Einrichtung festgestellt werden, kann die Direktion rechtliche Schritte einleiten und Schadensersatz verlangen.<\/p><p>Da das Rauchen in der gesamten Einrichtung verboten ist, kann bei Nichteinhaltung dieses Verbots eine Entsch\u00e4digung von 200\u20ac verlangt werden.<br \/><br \/><strong>Um den Aufenthalt f\u00fcr alle angenehm zu gestalten, sind bei Na\u00e9co RESPEKT, VERSTANDENHEIT UND GUTHEIT angesagt. Vielen Dank f\u00fcr Ihr Verst\u00e4ndnis!<\/strong><\/p><p><strong>Mit jeder Buchung, jedem Aufenthalt und jeder Anwesenheit in der Einrichtung akzeptieren Sie unsere Hausordnung sowie unsere oben dargestellten Allgemeinen Gesch\u00e4ftsbedingungen.<br \/>Die Direktion beh\u00e4lt sich das Recht vor, entsprechende Strafen zu verh\u00e4ngen, wenn einer der oben genannten Artikel nicht eingehalten wird.<\/strong><\/p><p>\u00a0<\/p>\t\t\t\t\t\t\t\t<\/div>\n\t\t\t\t<\/div>\n\t\t\t\t\t<\/div>\n\t\t\t\t<\/div>\n\t\t\t\t<\/div>","protected":false},"excerpt":{"rendered":"<p>Verkaufsbedingungen Na\u00e9co Hostels Die allgemeinen Verkaufsbedingungen und die besonderen Bedingungen bilden ein Ganzes, das einen integralen Bestandteil des Kaufvertrags darstellt und dessen globale Annahme vor Abschluss jedes Verkaufs zwingend erforderlich ist. Die Buchungsanfrage f\u00fchrt zur Zustimmung zu den vorliegenden Verkaufsbedingungen und zur vollst\u00e4ndigen und vorbehaltlosen Annahme [...].<\/p>","protected":false},"author":13,"featured_media":0,"parent":0,"menu_order":17,"comment_status":"closed","ping_status":"closed","template":"","meta":{"inline_featured_image":false,"footnotes":""},"class_list":["post-224","page","type-page","status-publish","hentry"],"_links":{"self":[{"href":"https:\/\/www.naeco.bzh\/de\/wp-json\/wp\/v2\/pages\/224","targetHints":{"allow":["GET"]}}],"collection":[{"href":"https:\/\/www.naeco.bzh\/de\/wp-json\/wp\/v2\/pages"}],"about":[{"href":"https:\/\/www.naeco.bzh\/de\/wp-json\/wp\/v2\/types\/page"}],"author":[{"embeddable":true,"href":"https:\/\/www.naeco.bzh\/de\/wp-json\/wp\/v2\/users\/13"}],"replies":[{"embeddable":true,"href":"https:\/\/www.naeco.bzh\/de\/wp-json\/wp\/v2\/comments?post=224"}],"version-history":[{"count":10,"href":"https:\/\/www.naeco.bzh\/de\/wp-json\/wp\/v2\/pages\/224\/revisions"}],"predecessor-version":[{"id":4316,"href":"https:\/\/www.naeco.bzh\/de\/wp-json\/wp\/v2\/pages\/224\/revisions\/4316"}],"wp:attachment":[{"href":"https:\/\/www.naeco.bzh\/de\/wp-json\/wp\/v2\/media?parent=224"}],"curies":[{"name":"wp","href":"https:\/\/api.w.org\/{rel}","templated":true}]}}