{"id":208,"date":"2025-09-30T16:34:04","date_gmt":"2025-09-30T14:34:04","guid":{"rendered":"https:\/\/www.naeco.bzh\/?page_id=208"},"modified":"2026-04-14T12:57:06","modified_gmt":"2026-04-14T10:57:06","slug":"angebote","status":"publish","type":"page","link":"https:\/\/www.naeco.bzh\/de\/angebote\/","title":{"rendered":"Angebote"},"content":{"rendered":"<div data-elementor-type=\"wp-page\" data-elementor-id=\"208\" class=\"elementor elementor-208\" data-elementor-post-type=\"page\">\n\t\t\t\t<div class=\"elementor-element elementor-element-f61ffc4 e-con-full e-flex e-con e-parent\" data-id=\"f61ffc4\" data-element_type=\"container\" data-e-type=\"container\" data-settings=\"{&quot;background_background&quot;:&quot;classic&quot;}\">\n\t\t\t\t<div class=\"elementor-element elementor-element-fae628c elementor-widget elementor-widget-text-editor\" data-id=\"fae628c\" data-element_type=\"widget\" data-e-type=\"widget\" data-widget_type=\"text-editor.default\">\n\t\t\t\t<div class=\"elementor-widget-container\">\n\t\t\t\t\t\t\t\t\t<p>Besondere Angebote<\/p>\t\t\t\t\t\t\t\t<\/div>\n\t\t\t\t<\/div>\n\t\t\t\t<\/div>\n\t\t<div class=\"elementor-element elementor-element-afb9275 e-flex e-con-boxed e-con e-parent\" data-id=\"afb9275\" data-element_type=\"container\" data-e-type=\"container\">\n\t\t\t\t\t<div class=\"e-con-inner\">\n\t\t\t\t<div class=\"elementor-element elementor-element-ddf2349 elementor-widget elementor-widget-heading\" data-id=\"ddf2349\" data-element_type=\"widget\" data-e-type=\"widget\" data-widget_type=\"heading.default\">\n\t\t\t\t<div class=\"elementor-widget-container\">\n\t\t\t\t\t<h1 class=\"elementor-heading-title elementor-size-default\">Ihr Bretagne-Aufenthalt am Meer<\/h1>\t\t\t\t<\/div>\n\t\t\t\t<\/div>\n\t\t\t\t<div class=\"elementor-element elementor-element-cef0d7f listing-offres elementor-grid-3 elementor-grid-tablet-2 elementor-grid-mobile-1 elementor-widget elementor-widget-offers-list\" data-id=\"cef0d7f\" data-element_type=\"widget\" data-e-type=\"widget\" data-settings=\"{&quot;element_skin&quot;:&quot;card&quot;,&quot;row_gap&quot;:{&quot;unit&quot;:&quot;px&quot;,&quot;size&quot;:80,&quot;sizes&quot;:[]},&quot;space_between&quot;:{&quot;unit&quot;:&quot;px&quot;,&quot;size&quot;:10,&quot;sizes&quot;:[]},&quot;space_between_laptop&quot;:{&quot;unit&quot;:&quot;px&quot;,&quot;size&quot;:&quot;&quot;,&quot;sizes&quot;:[]},&quot;space_between_tablet_extra&quot;:{&quot;unit&quot;:&quot;px&quot;,&quot;size&quot;:&quot;&quot;,&quot;sizes&quot;:[]},&quot;space_between_tablet&quot;:{&quot;unit&quot;:&quot;px&quot;,&quot;size&quot;:10,&quot;sizes&quot;:[]},&quot;space_between_mobile&quot;:{&quot;unit&quot;:&quot;px&quot;,&quot;size&quot;:10,&quot;sizes&quot;:[]},&quot;effect&quot;:&quot;slide&quot;,&quot;autoplay&quot;:&quot;no&quot;,&quot;carousel_first_only&quot;:&quot;no&quot;,&quot;categories_filter&quot;:[&quot;*&quot;],&quot;item_ignore_filter&quot;:[],&quot;validity_date_format&quot;:&quot;long&quot;,&quot;cards_columns&quot;:&quot;3&quot;,&quot;cards_columns_tablet&quot;:&quot;2&quot;,&quot;cards_columns_mobile&quot;:&quot;1&quot;}\" data-widget_type=\"offers-list.default\">\n\t\t\t\t<div class=\"elementor-widget-container\">\n\t\t\t\t\t                        <div class=\"eliophot-offers eliophot-offers__wrapper eliophot-base-list elementor-grid\">\n                    <input type=\"hidden\" class=\"api_id\" value=\"\">\n                            <div\n                class=\"eliophot-offer__container eliophot-base-list__container elementor-grid-item   eliophot-offer__skin-card eliophot-offer_ID_2340\"\n                data-category=\"\"\n                data-title = \"Bon plan h\u00f4tel en Bretagne sud : la chambre \u00e9tape\"\n                data-name = \"bon-plan-hotel-en-bretagne-sud-la-chambre-etape\"\n        >\n                    <div class=\"eliophot-carousel__slider elementor-swiper\">\n            <div class=\"eliophot-carousel-wrapper elementor-main-swiper swiper\">\n                <div class=\"elementor-image-carousel swiper-wrapper swiper-image-stretch\">\n                    <!-- Slides -->\n                    <div class=\"swiper-slide\">\n                        <div class=\"elementor-carousel-image slide-featured-image\" style=\"background-image: url('https:\/\/www.naeco.bzh\/wp-content\/uploads\/2025\/10\/643bde2c23ba5d62a9c346bb0586ae1b1025afc3.jpeg');\"><\/div>\n                        <link itemprop=\"image\" href=\"https:\/\/www.naeco.bzh\/wp-content\/uploads\/2025\/10\/643bde2c23ba5d62a9c346bb0586ae1b1025afc3.jpeg\" \/>\n                    <\/div>\n                <\/div>\n            <\/div>\n        <\/div>\n        <div class=\"eliophot-offer__group\">            <div class=\"eliophot-offer__body\">\n                        <!-- TODO: if page link enabled -->\n        <h3 class=\"eliophot-offer__title\">\n            <span class=\"title_before\"><\/span>\n            <a  href=\"https:\/\/www.naeco.bzh\/de\/angebote\/hotelplan-in-der-bretagne-sud-das-zimmer-etape\/\">\n                            Hoteltipp in der s\u00fcdlichen Bretagne: das Etappenzimmer            <\/a>\n        <\/h3>\n                    <div class=\"eliophot-offer__summary\">\n                <p\n                                    >\n                    Entdecken Sie unseren Hoteltipp in der S\u00fcdbretagne: das Etappenzimmer, ideal f\u00fcr Wanderer, Surfer oder Berufst\u00e4tige. Besuchen Sie Erdeven, Le Pouldu oder Audierne zu g\u00fcnstigen Preisen!                <\/p>\n            <\/div>\n                        <\/div>\n\n            \n        <div class=\"eliophot-offer__cta\" itemprop=\"offers\" itemscope itemtype=\"https:\/\/schema.org\/Offer\">\n            <div class=\"eliophot-offer__cta_container\">\n                                    <input type=\"hidden\" name=\"id_offer\" value=\"2340\"\/>\n                    <div class=\"eliophot-offer__cta_title\" itemprop=\"priceSpecification\" itemscope itemtype=\"https:\/\/schema.org\/UnitPriceSpecification\">\n                                            <\/div>\n\n                                <div class=\"eliophot-offer__cta_buttons\">\n                \n                                            <a href=\"https:\/\/www.naeco.bzh\/de\/angebote\/hotelplan-in-der-bretagne-sud-das-zimmer-etape\/\" class=\"eliophot-offer__cta_button eliophot-offer__cta_button_second elementor-button-link elementor-button elementor-size-sm\">\n                            Mehr erfahren                        <\/a>\n                                    <\/div>\n            <\/div>\n        <\/div>\n                    <\/div>        <\/div>\n                <div\n                class=\"eliophot-offer__container eliophot-base-list__container elementor-grid-item eliophot-offer__erdeven  eliophot-offer__skin-card eliophot-offer_ID_1795\"\n                data-category=\"{&quot;term_id&quot;:30,&quot;name&quot;:&quot;Erdeven&quot;,&quot;slug&quot;:&quot;erdeven&quot;,&quot;term_group&quot;:0,&quot;term_taxonomy_id&quot;:30,&quot;taxonomy&quot;:&quot;special_offers_category&quot;,&quot;description&quot;:&quot;&quot;,&quot;parent&quot;:0,&quot;count&quot;:1,&quot;filter&quot;:&quot;raw&quot;,&quot;cat_ID&quot;:30,&quot;category_count&quot;:1,&quot;category_description&quot;:&quot;&quot;,&quot;cat_name&quot;:&quot;Erdeven&quot;,&quot;category_nicename&quot;:&quot;erdeven&quot;,&quot;category_parent&quot;:0}\"\n                data-title = \"Tarifs sp\u00e9ciaux pour les marcheurs et les cyclistes\"\n                data-name = \"tarifs-speciaux-pour-les-marcheurs-et-les-cyclistes\"\n        >\n                    <div class=\"eliophot-carousel__slider elementor-swiper\">\n            <div class=\"eliophot-carousel-wrapper elementor-main-swiper swiper\">\n                <div class=\"elementor-image-carousel swiper-wrapper swiper-image-stretch\">\n                    <!-- Slides -->\n                    <div class=\"swiper-slide\">\n                        <div class=\"elementor-carousel-image slide-featured-image\" style=\"background-image: url('https:\/\/www.naeco.bzh\/wp-content\/uploads\/2025\/10\/3adb117111bcad7e7896af4f7213275ca810d43e.jpeg');\"><\/div>\n                        <link itemprop=\"image\" href=\"https:\/\/www.naeco.bzh\/wp-content\/uploads\/2025\/10\/3adb117111bcad7e7896af4f7213275ca810d43e.jpeg\" \/>\n                    <\/div>\n                <\/div>\n            <\/div>\n        <\/div>\n        <div class=\"eliophot-offer__group\">            <div class=\"eliophot-offer__body\">\n                        <!-- TODO: if page link enabled -->\n        <h3 class=\"eliophot-offer__title\">\n            <span class=\"title_before\"><\/span>\n            <a  href=\"https:\/\/www.naeco.bzh\/de\/angebote\/sondertarife-fur-wanderer-und-radfahrer\/\">\n                            Sondertarife f\u00fcr Wanderer und Radfahrer            <\/a>\n        <\/h3>\n                    <div class=\"eliophot-offer__summary\">\n                <p\n                                    >\n                    Kommen Sie zu Fu\u00df oder mit dem Fahrrad und profitieren Sie das ganze Jahr \u00fcber von Erm\u00e4\u00dfigungen in Ihren Na\u00e9co-Hostels.                <\/p>\n            <\/div>\n                        <\/div>\n\n            \n        <div class=\"eliophot-offer__cta\" itemprop=\"offers\" itemscope itemtype=\"https:\/\/schema.org\/Offer\">\n            <div class=\"eliophot-offer__cta_container\">\n                                    <input type=\"hidden\" name=\"id_offer\" value=\"1795\"\/>\n                    <div class=\"eliophot-offer__cta_title\" itemprop=\"priceSpecification\" itemscope itemtype=\"https:\/\/schema.org\/UnitPriceSpecification\">\n                                            <\/div>\n\n                                <div class=\"eliophot-offer__cta_buttons\">\n                \n                                            <a href=\"https:\/\/www.naeco.bzh\/de\/angebote\/sondertarife-fur-wanderer-und-radfahrer\/\" class=\"eliophot-offer__cta_button eliophot-offer__cta_button_second elementor-button-link elementor-button elementor-size-sm\">\n                            Mehr erfahren                        <\/a>\n                                    <\/div>\n            <\/div>\n        <\/div>\n                    <\/div>        <\/div>\n                        <\/div>\n\n                \t\t\t\t<\/div>\n\t\t\t\t<\/div>\n\t\t\t\t\t<\/div>\n\t\t\t\t<\/div>\n\t\t\t\t<\/div>","protected":false},"excerpt":{"rendered":"<p>Sonderangebote Ihr Aufenthalt Bretagne am Meer 1 Nacht gekauft = die 2. f\u00fcr -50% Buchen Sie 2 N\u00e4chte und profitieren Sie von -50% auf die zweite Nacht. Ihr Aufenthalt in der s\u00fcdlichen Bretagne zum kleinen Preis! Mehr Infos Angebot 2 N\u00e4chte = 3 bei Na\u00e9co Erdeven in Morbihan Ihr Aufenthalt zum kleinen Preis [...].<\/p>","protected":false},"author":13,"featured_media":0,"parent":0,"menu_order":15,"comment_status":"closed","ping_status":"closed","template":"","meta":{"inline_featured_image":false,"footnotes":""},"class_list":["post-208","page","type-page","status-publish","hentry"],"_links":{"self":[{"href":"https:\/\/www.naeco.bzh\/de\/wp-json\/wp\/v2\/pages\/208","targetHints":{"allow":["GET"]}}],"collection":[{"href":"https:\/\/www.naeco.bzh\/de\/wp-json\/wp\/v2\/pages"}],"about":[{"href":"https:\/\/www.naeco.bzh\/de\/wp-json\/wp\/v2\/types\/page"}],"author":[{"embeddable":true,"href":"https:\/\/www.naeco.bzh\/de\/wp-json\/wp\/v2\/users\/13"}],"replies":[{"embeddable":true,"href":"https:\/\/www.naeco.bzh\/de\/wp-json\/wp\/v2\/comments?post=208"}],"version-history":[{"count":91,"href":"https:\/\/www.naeco.bzh\/de\/wp-json\/wp\/v2\/pages\/208\/revisions"}],"predecessor-version":[{"id":5103,"href":"https:\/\/www.naeco.bzh\/de\/wp-json\/wp\/v2\/pages\/208\/revisions\/5103"}],"wp:attachment":[{"href":"https:\/\/www.naeco.bzh\/de\/wp-json\/wp\/v2\/media?parent=208"}],"curies":[{"name":"wp","href":"https:\/\/api.w.org\/{rel}","templated":true}]}}