{"id":206,"date":"2025-09-30T16:33:58","date_gmt":"2025-09-30T14:33:58","guid":{"rendered":"https:\/\/www.naeco.bzh\/?page_id=206"},"modified":"2026-01-15T14:10:03","modified_gmt":"2026-01-15T13:10:03","slug":"blog","status":"publish","type":"page","link":"https:\/\/www.naeco.bzh\/de\/blog\/","title":{"rendered":"Blog"},"content":{"rendered":"<div data-elementor-type=\"wp-page\" data-elementor-id=\"206\" class=\"elementor elementor-206\" data-elementor-post-type=\"page\">\n\t\t\t\t<div class=\"elementor-element elementor-element-09d605e e-con-full e-flex e-con e-parent\" data-id=\"09d605e\" data-element_type=\"container\" data-e-type=\"container\" data-settings=\"{&quot;background_background&quot;:&quot;classic&quot;}\">\n\t\t\t\t<div class=\"elementor-element elementor-element-1daa3bb elementor-widget elementor-widget-text-editor\" data-id=\"1daa3bb\" data-element_type=\"widget\" data-e-type=\"widget\" data-widget_type=\"text-editor.default\">\n\t\t\t\t<div class=\"elementor-widget-container\">\n\t\t\t\t\t\t\t\t\t<p>Blog<\/p>\t\t\t\t\t\t\t\t<\/div>\n\t\t\t\t<\/div>\n\t\t\t\t<\/div>\n\t\t<div class=\"elementor-element elementor-element-6e73f25 e-flex e-con-boxed e-con e-parent\" data-id=\"6e73f25\" data-element_type=\"container\" data-e-type=\"container\">\n\t\t\t\t\t<div class=\"e-con-inner\">\n\t\t\t\t<div class=\"elementor-element elementor-element-2623562 listing elementor-grid-3 elementor-grid-tablet-2 elementor-grid-mobile-1 elementor-posts--thumbnail-top load-more-align-center elementor-widget elementor-widget-posts\" data-id=\"2623562\" data-element_type=\"widget\" data-e-type=\"widget\" data-settings=\"{&quot;classic_row_gap&quot;:{&quot;unit&quot;:&quot;px&quot;,&quot;size&quot;:80,&quot;sizes&quot;:[]},&quot;pagination_type&quot;:&quot;load_more_on_click&quot;,&quot;classic_columns&quot;:&quot;3&quot;,&quot;classic_columns_tablet&quot;:&quot;2&quot;,&quot;classic_columns_mobile&quot;:&quot;1&quot;,&quot;classic_row_gap_laptop&quot;:{&quot;unit&quot;:&quot;px&quot;,&quot;size&quot;:&quot;&quot;,&quot;sizes&quot;:[]},&quot;classic_row_gap_tablet_extra&quot;:{&quot;unit&quot;:&quot;px&quot;,&quot;size&quot;:&quot;&quot;,&quot;sizes&quot;:[]},&quot;classic_row_gap_tablet&quot;:{&quot;unit&quot;:&quot;px&quot;,&quot;size&quot;:&quot;&quot;,&quot;sizes&quot;:[]},&quot;classic_row_gap_mobile&quot;:{&quot;unit&quot;:&quot;px&quot;,&quot;size&quot;:&quot;&quot;,&quot;sizes&quot;:[]},&quot;load_more_spinner&quot;:{&quot;value&quot;:&quot;fas fa-spinner&quot;,&quot;library&quot;:&quot;fa-solid&quot;}}\" data-widget_type=\"posts.classic\">\n\t\t\t\t<div class=\"elementor-widget-container\">\n\t\t\t\t\t\t\t<div class=\"elementor-posts-container elementor-posts elementor-posts--skin-classic elementor-grid\" role=\"list\">\n\t\t\t\t<article class=\"elementor-post elementor-grid-item post-2755 post type-post status-publish format-standard has-post-thumbnail hentry category-blog\" role=\"listitem\">\n\t\t\t\t<a class=\"elementor-post__thumbnail__link\" href=\"https:\/\/www.naeco.bzh\/de\/fischfang-zu-fus-in-der-sudlichen-bretagne\/\" tabindex=\"-1\" >\n\t\t\t<div class=\"elementor-post__thumbnail\"><img fetchpriority=\"high\" decoding=\"async\" width=\"1000\" height=\"670\" src=\"https:\/\/www.naeco.bzh\/wp-content\/uploads\/2025\/10\/a5662dbba8aa2e562b88401294242b3e8e69f290.jpeg\" class=\"attachment-full size-full wp-image-2762\" alt=\"\" title=\"\" srcset=\"https:\/\/www.naeco.bzh\/wp-content\/uploads\/2025\/10\/a5662dbba8aa2e562b88401294242b3e8e69f290.jpeg 1000w, https:\/\/www.naeco.bzh\/wp-content\/uploads\/2025\/10\/a5662dbba8aa2e562b88401294242b3e8e69f290-300x201.jpeg 300w, https:\/\/www.naeco.bzh\/wp-content\/uploads\/2025\/10\/a5662dbba8aa2e562b88401294242b3e8e69f290-768x515.jpeg 768w, https:\/\/www.naeco.bzh\/wp-content\/uploads\/2025\/10\/a5662dbba8aa2e562b88401294242b3e8e69f290-18x12.jpeg 18w\" sizes=\"(max-width: 1000px) 100vw, 1000px\" \/><\/div>\n\t\t<\/a>\n\t\t\t\t<div class=\"elementor-post__text\">\n\t\t\t\t<h3 class=\"elementor-post__title\">\n\t\t\t<a href=\"https:\/\/www.naeco.bzh\/de\/fischfang-zu-fus-in-der-sudlichen-bretagne\/\" >\n\t\t\t\tFu\u00dfangeln in der S\u00fcdbretagne\t\t\t<\/a>\n\t\t<\/h3>\n\t\t\t\t<div class=\"elementor-post__meta-data\">\n\t\t\t\t\t<span class=\"elementor-post-date\">\n\t\t\t28. April 2026\t\t<\/span>\n\t\t\t\t<\/div>\n\t\t\t\t<div class=\"elementor-post__excerpt\">\n\t\t\t<p>Sie wohnen bei Na\u00e9co und suchen nach einer Aktivit\u00e4t, die Sie mit Ihrer Familie am Meer oder am Strand unternehmen k\u00f6nnen? Entdecken Sie das Angeln zu Fu\u00df!<\/p>\n\t\t<\/div>\n\t\t\n\t\t<a class=\"elementor-post__read-more\" href=\"https:\/\/www.naeco.bzh\/de\/fischfang-zu-fus-in-der-sudlichen-bretagne\/\" aria-label=\"Mehr \u00fcber La p\u00eache \u00e0 pied en Bretagne Sud\" tabindex=\"-1\" >\n\t\t\tLesen Sie mehr\t\t<\/a>\n\n\t\t\t\t<\/div>\n\t\t\t\t<\/article>\n\t\t\t\t<article class=\"elementor-post elementor-grid-item post-4740 post type-post status-publish format-standard has-post-thumbnail hentry category-blog\" role=\"listitem\">\n\t\t\t\t<a class=\"elementor-post__thumbnail__link\" href=\"https:\/\/www.naeco.bzh\/de\/kennen-sie-slow-travel\/\" tabindex=\"-1\" >\n\t\t\t<div class=\"elementor-post__thumbnail\"><img decoding=\"async\" width=\"960\" height=\"540\" src=\"https:\/\/www.naeco.bzh\/wp-content\/uploads\/2026\/02\/Slow-Travel-en-Bretagne-tourisme-eco-responsable.png\" class=\"attachment-full size-full wp-image-4750\" alt=\"\" title=\"\" srcset=\"https:\/\/www.naeco.bzh\/wp-content\/uploads\/2026\/02\/Slow-Travel-en-Bretagne-tourisme-eco-responsable.png 960w, https:\/\/www.naeco.bzh\/wp-content\/uploads\/2026\/02\/Slow-Travel-en-Bretagne-tourisme-eco-responsable-300x169.png 300w, https:\/\/www.naeco.bzh\/wp-content\/uploads\/2026\/02\/Slow-Travel-en-Bretagne-tourisme-eco-responsable-768x432.png 768w, https:\/\/www.naeco.bzh\/wp-content\/uploads\/2026\/02\/Slow-Travel-en-Bretagne-tourisme-eco-responsable-18x10.png 18w\" sizes=\"(max-width: 960px) 100vw, 960px\" \/><\/div>\n\t\t<\/a>\n\t\t\t\t<div class=\"elementor-post__text\">\n\t\t\t\t<h3 class=\"elementor-post__title\">\n\t\t\t<a href=\"https:\/\/www.naeco.bzh\/de\/kennen-sie-slow-travel\/\" >\n\t\t\t\tKennen Sie Slow Travel?\t\t\t<\/a>\n\t\t<\/h3>\n\t\t\t\t<div class=\"elementor-post__meta-data\">\n\t\t\t\t\t<span class=\"elementor-post-date\">\n\t\t\t12. Februar 2026\t\t<\/span>\n\t\t\t\t<\/div>\n\t\t\t\t<div class=\"elementor-post__excerpt\">\n\t\t\t<p>Slow Travel l\u00e4dt dazu ein, umweltbewusster und -sensibler zu sein, indem man den Luxus genie\u00dft, sich Zeit zu nehmen!<\/p>\n\t\t<\/div>\n\t\t\n\t\t<a class=\"elementor-post__read-more\" href=\"https:\/\/www.naeco.bzh\/de\/kennen-sie-slow-travel\/\" aria-label=\"Mehr \u00fcber Kennen Sie Slow Travel?\" tabindex=\"-1\" >\n\t\t\tLesen Sie mehr\t\t<\/a>\n\n\t\t\t\t<\/div>\n\t\t\t\t<\/article>\n\t\t\t\t<article class=\"elementor-post elementor-grid-item post-4735 post type-post status-publish format-standard has-post-thumbnail hentry category-blog\" role=\"listitem\">\n\t\t\t\t<a class=\"elementor-post__thumbnail__link\" href=\"https:\/\/www.naeco.bzh\/de\/freizeitsportvereine-die-ideale-unterkunft-fur-ihre-wettkampfe-und-sportaufenthalte-in-der-sudbretagne\/\" tabindex=\"-1\" >\n\t\t\t<div class=\"elementor-post__thumbnail\"><img decoding=\"async\" width=\"2048\" height=\"1367\" src=\"https:\/\/www.naeco.bzh\/wp-content\/uploads\/2026\/02\/Erdeven-plage-et-activites-nautiques-surf-1.png\" class=\"attachment-full size-full wp-image-4745\" alt=\"\" title=\"\" srcset=\"https:\/\/www.naeco.bzh\/wp-content\/uploads\/2026\/02\/Erdeven-plage-et-activites-nautiques-surf-1.png 2048w, https:\/\/www.naeco.bzh\/wp-content\/uploads\/2026\/02\/Erdeven-plage-et-activites-nautiques-surf-1-300x200.png 300w, https:\/\/www.naeco.bzh\/wp-content\/uploads\/2026\/02\/Erdeven-plage-et-activites-nautiques-surf-1-1024x684.png 1024w, https:\/\/www.naeco.bzh\/wp-content\/uploads\/2026\/02\/Erdeven-plage-et-activites-nautiques-surf-1-768x513.png 768w, https:\/\/www.naeco.bzh\/wp-content\/uploads\/2026\/02\/Erdeven-plage-et-activites-nautiques-surf-1-1536x1025.png 1536w, https:\/\/www.naeco.bzh\/wp-content\/uploads\/2026\/02\/Erdeven-plage-et-activites-nautiques-surf-1-18x12.png 18w\" sizes=\"(max-width: 2048px) 100vw, 2048px\" \/><\/div>\n\t\t<\/a>\n\t\t\t\t<div class=\"elementor-post__text\">\n\t\t\t\t<h3 class=\"elementor-post__title\">\n\t\t\t<a href=\"https:\/\/www.naeco.bzh\/de\/freizeitsportvereine-die-ideale-unterkunft-fur-ihre-wettkampfe-und-sportaufenthalte-in-der-sudbretagne\/\" >\n\t\t\t\tSportvereine &amp; Freizeit : die perfekte Unterkunft f\u00fcr Ihre Wettk\u00e4mpfe und Sporturlaube in der S\u00fcdbretagne\t\t\t<\/a>\n\t\t<\/h3>\n\t\t\t\t<div class=\"elementor-post__meta-data\">\n\t\t\t\t\t<span class=\"elementor-post-date\">\n\t\t\t12. Februar 2026\t\t<\/span>\n\t\t\t\t<\/div>\n\t\t\t\t<div class=\"elementor-post__excerpt\">\n\t\t\t<p>Na\u00e9co \u00fcberzeugt Sportvereine durch seine angepassten Unterk\u00fcnfte, seinen umweltbewussten Empfang und seine auf Leistung ausgelegten Dienstleistungen in der s\u00fcdlichen Bretagne.<\/p>\n\t\t<\/div>\n\t\t\n\t\t<a class=\"elementor-post__read-more\" href=\"https:\/\/www.naeco.bzh\/de\/freizeitsportvereine-die-ideale-unterkunft-fur-ihre-wettkampfe-und-sportaufenthalte-in-der-sudbretagne\/\" aria-label=\"Mehr \u00fcber Sportvereine &amp; Freizeit : die perfekte Unterkunft f\u00fcr Ihre Sportwettk\u00e4mpfe und -aufenthalte in der S\u00fcdbretagne\" tabindex=\"-1\" >\n\t\t\tLesen Sie mehr\t\t<\/a>\n\n\t\t\t\t<\/div>\n\t\t\t\t<\/article>\n\t\t\t\t<article class=\"elementor-post elementor-grid-item post-2434 post type-post status-publish format-standard has-post-thumbnail hentry category-blog\" role=\"listitem\">\n\t\t\t\t<a class=\"elementor-post__thumbnail__link\" href=\"https:\/\/www.naeco.bzh\/de\/was-tun-in-der-bretagne-wenn-es-regnet\/\" tabindex=\"-1\" >\n\t\t\t<div class=\"elementor-post__thumbnail\"><img loading=\"lazy\" decoding=\"async\" width=\"1000\" height=\"670\" src=\"https:\/\/www.naeco.bzh\/wp-content\/uploads\/2025\/10\/175c38666722f1ce2cdb5fc2a47df82e32474614.jpeg\" class=\"attachment-full size-full wp-image-2439\" alt=\"\" title=\"\" srcset=\"https:\/\/www.naeco.bzh\/wp-content\/uploads\/2025\/10\/175c38666722f1ce2cdb5fc2a47df82e32474614.jpeg 1000w, https:\/\/www.naeco.bzh\/wp-content\/uploads\/2025\/10\/175c38666722f1ce2cdb5fc2a47df82e32474614-300x201.jpeg 300w, https:\/\/www.naeco.bzh\/wp-content\/uploads\/2025\/10\/175c38666722f1ce2cdb5fc2a47df82e32474614-768x515.jpeg 768w, https:\/\/www.naeco.bzh\/wp-content\/uploads\/2025\/10\/175c38666722f1ce2cdb5fc2a47df82e32474614-18x12.jpeg 18w\" sizes=\"(max-width: 1000px) 100vw, 1000px\" \/><\/div>\n\t\t<\/a>\n\t\t\t\t<div class=\"elementor-post__text\">\n\t\t\t\t<h3 class=\"elementor-post__title\">\n\t\t\t<a href=\"https:\/\/www.naeco.bzh\/de\/was-tun-in-der-bretagne-wenn-es-regnet\/\" >\n\t\t\t\tWas kann man in der Bretagne tun, wenn es regnet?\t\t\t<\/a>\n\t\t<\/h3>\n\t\t\t\t<div class=\"elementor-post__meta-data\">\n\t\t\t\t\t<span class=\"elementor-post-date\">\n\t\t\t23. Januar 2026\t\t<\/span>\n\t\t\t\t<\/div>\n\t\t\t\t<div class=\"elementor-post__excerpt\">\n\t\t\t<p>Regen in der Bretagne? Entdecken Sie die besten Ideen f\u00fcr Aktivit\u00e4ten bei Regen: Besichtigungen, Wellness, Kinder, Gastronomie... Verwandeln Sie den Regen in ein Abenteuer!<\/p>\n\t\t<\/div>\n\t\t\n\t\t<a class=\"elementor-post__read-more\" href=\"https:\/\/www.naeco.bzh\/de\/was-tun-in-der-bretagne-wenn-es-regnet\/\" aria-label=\"Mehr \u00fcber Was tun in der Bretagne, wenn es regnet?\" tabindex=\"-1\" >\n\t\t\tLesen Sie mehr\t\t<\/a>\n\n\t\t\t\t<\/div>\n\t\t\t\t<\/article>\n\t\t\t\t<article class=\"elementor-post elementor-grid-item post-2564 post type-post status-publish format-standard has-post-thumbnail hentry category-blog\" role=\"listitem\">\n\t\t\t\t<a class=\"elementor-post__thumbnail__link\" href=\"https:\/\/www.naeco.bzh\/de\/naeco-hostels-die-zukunft-der-umweltfreundlichen-hotellerie-in-der-bretagne\/\" tabindex=\"-1\" >\n\t\t\t<div class=\"elementor-post__thumbnail\"><img loading=\"lazy\" decoding=\"async\" width=\"1000\" height=\"670\" src=\"https:\/\/www.naeco.bzh\/wp-content\/uploads\/2025\/10\/e4c223748fe864bc26e513d1e6e4d5639cedddee.png\" class=\"attachment-full size-full wp-image-2568\" alt=\"\" title=\"\" srcset=\"https:\/\/www.naeco.bzh\/wp-content\/uploads\/2025\/10\/e4c223748fe864bc26e513d1e6e4d5639cedddee.png 1000w, https:\/\/www.naeco.bzh\/wp-content\/uploads\/2025\/10\/e4c223748fe864bc26e513d1e6e4d5639cedddee-300x201.png 300w, https:\/\/www.naeco.bzh\/wp-content\/uploads\/2025\/10\/e4c223748fe864bc26e513d1e6e4d5639cedddee-768x515.png 768w, https:\/\/www.naeco.bzh\/wp-content\/uploads\/2025\/10\/e4c223748fe864bc26e513d1e6e4d5639cedddee-18x12.png 18w\" sizes=\"(max-width: 1000px) 100vw, 1000px\" \/><\/div>\n\t\t<\/a>\n\t\t\t\t<div class=\"elementor-post__text\">\n\t\t\t\t<h3 class=\"elementor-post__title\">\n\t\t\t<a href=\"https:\/\/www.naeco.bzh\/de\/naeco-hostels-die-zukunft-der-umweltfreundlichen-hotellerie-in-der-bretagne\/\" >\n\t\t\t\tNa\u00e9co Hostels: Die Zukunft des umweltbewussten Hotelwesens in der Bretagne\t\t\t<\/a>\n\t\t<\/h3>\n\t\t\t\t<div class=\"elementor-post__meta-data\">\n\t\t\t\t\t<span class=\"elementor-post-date\">\n\t\t\t13. Januar 2026\t\t<\/span>\n\t\t\t\t<\/div>\n\t\t\t\t<div class=\"elementor-post__excerpt\">\n\t\t\t<p>Schlie\u00dfen Sie sich dem bretonischen, umweltbewussten Hotelnetzwerk Na\u00e9co an und starten oder revitalisieren Sie Ihr Projekt mithilfe der Markenlizenz Na\u00e9co Hostels.<\/p>\n\t\t<\/div>\n\t\t\n\t\t<a class=\"elementor-post__read-more\" href=\"https:\/\/www.naeco.bzh\/de\/naeco-hostels-die-zukunft-der-umweltfreundlichen-hotellerie-in-der-bretagne\/\" aria-label=\"Mehr \u00fcber Na\u00e9co Hostels: Die Zukunft des umweltfreundlichen Hotelwesens in der Bretagne\" tabindex=\"-1\" >\n\t\t\tLesen Sie mehr\t\t<\/a>\n\n\t\t\t\t<\/div>\n\t\t\t\t<\/article>\n\t\t\t\t<article class=\"elementor-post elementor-grid-item post-2607 post type-post status-publish format-standard has-post-thumbnail hentry category-blog\" role=\"listitem\">\n\t\t\t\t<a class=\"elementor-post__thumbnail__link\" href=\"https:\/\/www.naeco.bzh\/de\/naeco-erdeven-idealer-ort-um-ihre-veranstaltungen-im-morbihan-zu-organisieren\/\" tabindex=\"-1\" >\n\t\t\t<div class=\"elementor-post__thumbnail\"><img loading=\"lazy\" decoding=\"async\" width=\"1024\" height=\"684\" src=\"https:\/\/www.naeco.bzh\/wp-content\/uploads\/2025\/12\/Le-Garage-salle-a-louer-Erdeven.png\" class=\"attachment-full size-full wp-image-4746\" alt=\"\" title=\"\" srcset=\"https:\/\/www.naeco.bzh\/wp-content\/uploads\/2025\/12\/Le-Garage-salle-a-louer-Erdeven.png 1024w, https:\/\/www.naeco.bzh\/wp-content\/uploads\/2025\/12\/Le-Garage-salle-a-louer-Erdeven-300x200.png 300w, https:\/\/www.naeco.bzh\/wp-content\/uploads\/2025\/12\/Le-Garage-salle-a-louer-Erdeven-768x513.png 768w, https:\/\/www.naeco.bzh\/wp-content\/uploads\/2025\/12\/Le-Garage-salle-a-louer-Erdeven-18x12.png 18w\" sizes=\"(max-width: 1024px) 100vw, 1024px\" \/><\/div>\n\t\t<\/a>\n\t\t\t\t<div class=\"elementor-post__text\">\n\t\t\t\t<h3 class=\"elementor-post__title\">\n\t\t\t<a href=\"https:\/\/www.naeco.bzh\/de\/naeco-erdeven-idealer-ort-um-ihre-veranstaltungen-im-morbihan-zu-organisieren\/\" >\n\t\t\t\tNa\u00e9co Erdeven : Idealer Ort f\u00fcr Ihre Veranstaltungen im Morbihan\t\t\t<\/a>\n\t\t<\/h3>\n\t\t\t\t<div class=\"elementor-post__meta-data\">\n\t\t\t\t\t<span class=\"elementor-post-date\">\n\t\t\t20. Dezember 2025\t\t<\/span>\n\t\t\t\t<\/div>\n\t\t\t\t<div class=\"elementor-post__excerpt\">\n\t\t\t<p>Na\u00e9co Erdeven empf\u00e4ngt Sie in einem einzigartigen Raum: einer Garage, die vollst\u00e4ndig in einen geselligen Ort umgewandelt wurde. Perfekt f\u00fcr Ihre Veranstaltungen im Morbihan.<\/p>\n\t\t<\/div>\n\t\t\n\t\t<a class=\"elementor-post__read-more\" href=\"https:\/\/www.naeco.bzh\/de\/naeco-erdeven-idealer-ort-um-ihre-veranstaltungen-im-morbihan-zu-organisieren\/\" aria-label=\"Mehr \u00fcber Na\u00e9co Erdeven : Idealer Ort f\u00fcr Ihre Veranstaltungen in Morbihan\" tabindex=\"-1\" >\n\t\t\tLesen Sie mehr\t\t<\/a>\n\n\t\t\t\t<\/div>\n\t\t\t\t<\/article>\n\t\t\t\t<\/div>\n\t\t\t\t\t<span class=\"e-load-more-spinner\">\n\t\t\t\t<i aria-hidden=\"true\" class=\"fas fa-spinner\"><\/i>\t\t\t<\/span>\n\t\t\n\t\t\t\t<div class=\"e-load-more-anchor\" data-page=\"1\" data-max-page=\"20\" data-next-page=\"https:\/\/www.naeco.bzh\/wp-json\/wp\/v2\/pages\/206\/page\/2\/\"><\/div>\n\t\t\t\t<div class=\"elementor-button-wrapper\">\n\t\t\t<a class=\"elementor-button elementor-size-sm\" role=\"button\">\n\t\t\t\t\t\t<span class=\"elementor-button-content-wrapper\">\n\t\t\t\t\t\t\t\t\t<span class=\"elementor-button-text\">Weitere Artikel anzeigen<\/span>\n\t\t\t\t\t<\/span>\n\t\t\t\t\t<\/a>\n\t\t<\/div>\n\t\t\t\t<div class=\"e-load-more-message\"><\/div>\n\t\t\t\t\t\t<\/div>\n\t\t\t\t<\/div>\n\t\t\t\t\t<\/div>\n\t\t\t\t<\/div>\n\t\t\t\t<\/div>","protected":false},"excerpt":{"rendered":"<p>Blog<\/p>","protected":false},"author":13,"featured_media":0,"parent":0,"menu_order":14,"comment_status":"closed","ping_status":"closed","template":"","meta":{"inline_featured_image":false,"footnotes":""},"class_list":["post-206","page","type-page","status-publish","hentry"],"_links":{"self":[{"href":"https:\/\/www.naeco.bzh\/de\/wp-json\/wp\/v2\/pages\/206","targetHints":{"allow":["GET"]}}],"collection":[{"href":"https:\/\/www.naeco.bzh\/de\/wp-json\/wp\/v2\/pages"}],"about":[{"href":"https:\/\/www.naeco.bzh\/de\/wp-json\/wp\/v2\/types\/page"}],"author":[{"embeddable":true,"href":"https:\/\/www.naeco.bzh\/de\/wp-json\/wp\/v2\/users\/13"}],"replies":[{"embeddable":true,"href":"https:\/\/www.naeco.bzh\/de\/wp-json\/wp\/v2\/comments?post=206"}],"version-history":[{"count":76,"href":"https:\/\/www.naeco.bzh\/de\/wp-json\/wp\/v2\/pages\/206\/revisions"}],"predecessor-version":[{"id":4180,"href":"https:\/\/www.naeco.bzh\/de\/wp-json\/wp\/v2\/pages\/206\/revisions\/4180"}],"wp:attachment":[{"href":"https:\/\/www.naeco.bzh\/de\/wp-json\/wp\/v2\/media?parent=206"}],"curies":[{"name":"wp","href":"https:\/\/api.w.org\/{rel}","templated":true}]}}